{"id":1473,"date":"2014-12-27T12:36:14","date_gmt":"2014-12-27T12:36:14","guid":{"rendered":"http:\/\/www.ezonkart.com\/mmccarpets1\/?page_id=1473"},"modified":"2015-01-17T05:28:13","modified_gmt":"2015-01-17T05:28:13","slug":"types-of-carpet","status":"publish","type":"page","link":"https:\/\/www.mmccarpets.com\/it\/types-of-carpet\/","title":{"rendered":"Tipi di tappeto"},"content":{"rendered":"<p>[et_pb_section fullwidth=&#8221;on&#8221; background_color=&#8221;#ffffff&#8221; inner_shadow=&#8221;on&#8221; parallax=&#8221;off&#8221; background_image=&#8221;http:\/\/www.mmccarpets.com\/wp-content\/uploads\/2015\/01\/STRIP-2.jpg&#8221; transparent_background=&#8221;off&#8221; parallax_method=&#8221;off&#8221;][et_pb_fullwidth_header admin_label=&#8221;Fullwidth Header&#8221; title=&#8221;Tipi di tappeto&#8221; background_layout=&#8221;dark&#8221; text_orientation=&#8221;left&#8221; \/][\/et_pb_section][et_pb_section][et_pb_row][et_pb_column type=&#8221;4_4&#8243;][et_pb_text admin_label=&#8221;Text&#8221; background_layout=&#8221;light&#8221; text_orientation=&#8221;left&#8221;]<\/p>\n<h2 style=\"text-align: center;\">TIPI CARPET<\/h2>\n<p>[\/et_pb_text][\/et_pb_column][\/et_pb_row][et_pb_row][et_pb_column type=&#8221;1_2&#8243;][et_pb_image admin_label=&#8221;Image&#8221; src=&#8221;http:\/\/www.mmccarpets.com\/wp-content\/uploads\/2014\/12\/knoted-3.jpg&#8221; show_in_lightbox=&#8221;off&#8221; url_new_window=&#8221;off&#8221; animation=&#8221;left&#8221; sticky=&#8221;off&#8221; \/][\/et_pb_column][et_pb_column type=&#8221;1_2&#8243;][et_pb_text admin_label=&#8221;Text&#8221; background_layout=&#8221;light&#8221; text_orientation=&#8221;left&#8221;]<\/p>\n<h2>KNOTTED<\/h2>\n<p>Tra tutti i tappeti, i tappeti pi\u00f9 popolari sono annodati tappeti. I tappeti annodati vengono prodotte da diversi secoli e andr\u00e0 avanti. Per i tappeti annodati, prima una struttura ordito e trama \u00e8 invia quindi l&#8217;annodatura avviene uno per uno. Nei tappeti annodati, si vedono i nodi dal retro del tappeto. Nel carattere, si pu\u00f2 vedere la pila taglio che danno ulteriore aspetto portata ordinario al tappeto. Meccanismi a mano \u00e8 pi\u00f9 prevalente in tappeti e tappeti orientali.<\/p>\n<p>[\/et_pb_text][\/et_pb_column][\/et_pb_row][et_pb_row][et_pb_column type=&#8221;4_4&#8243;][et_pb_divider admin_label=&#8221;Divider&#8221; color=&#8221;#afafaf&#8221; show_divider=&#8221;on&#8221; height=&#8221;2.5&#8243; \/][\/et_pb_column][\/et_pb_row][et_pb_row][et_pb_column type=&#8221;1_2&#8243;][et_pb_image admin_label=&#8221;Image&#8221; src=&#8221;http:\/\/www.mmccarpets.com\/wp-content\/uploads\/2014\/12\/flat-weave-2.jpg&#8221; show_in_lightbox=&#8221;off&#8221; url_new_window=&#8221;off&#8221; animation=&#8221;left&#8221; sticky=&#8221;off&#8221; \/][\/et_pb_column][et_pb_column type=&#8221;1_2&#8243;][et_pb_text admin_label=&#8221;Text&#8221; background_layout=&#8221;light&#8221; text_orientation=&#8221;left&#8221;]<\/p>\n<h2>WEAVE FLAT<\/h2>\n<p>Un tappeto tessuto piano \u00e8 costituito dalla tessitura ordito (verticale) e filo di trama (orizzontale). Tipi di piatti orientali tappeti tessuti sono kilim, Durry, soumak, pianura, e tappezzerie tessitura. Ci vuole meno tempo per fare i tappeti tessuto piano in modo che non \u00e8 cos\u00ec costoso come la tappeti annodati a mano.<\/p>\n<p>[\/et_pb_text][\/et_pb_column][\/et_pb_row][et_pb_row][et_pb_column type=&#8221;4_4&#8243;][et_pb_divider admin_label=&#8221;Divider&#8221; color=&#8221;#afafaf&#8221; show_divider=&#8221;on&#8221; height=&#8221;2.5&#8243; \/][\/et_pb_column][\/et_pb_row][et_pb_row][et_pb_column type=&#8221;1_2&#8243;][et_pb_image admin_label=&#8221;Image&#8221; src=&#8221;http:\/\/www.mmccarpets.com\/wp-content\/uploads\/2014\/12\/machin-made-2.jpg&#8221; show_in_lightbox=&#8221;off&#8221; url_new_window=&#8221;off&#8221; animation=&#8221;left&#8221; sticky=&#8221;off&#8221; \/][\/et_pb_column][et_pb_column type=&#8221;1_2&#8243;][et_pb_text admin_label=&#8221;Text&#8221; background_layout=&#8221;light&#8221; text_orientation=&#8221;left&#8221;]<\/p>\n<h2>MACCHINA MADE<\/h2>\n<p>I tappeti pi\u00f9 economici sono tappeti macchina fatta. Possono essere realizzati in lana, viscosa, poliestere o cotone. Normalmente i tappeti fatti a macchina sono realizzati in disegni orientali e moderne, ma con molto bassa altezza del pelo. Ma il confronto a mano tappeti fatti, fatti a macchina sono sicuramente ha poco fascino e normalmente sono usati e gettati fuori in pochi anni a differenza di tappeti fatti a mano.<\/p>\n<p>[\/et_pb_text][\/et_pb_column][\/et_pb_row][et_pb_row][et_pb_column type=&#8221;4_4&#8243;][et_pb_divider admin_label=&#8221;Divider&#8221; color=&#8221;#afafaf&#8221; show_divider=&#8221;on&#8221; height=&#8221;2.5&#8243; \/][\/et_pb_column][\/et_pb_row][et_pb_row][et_pb_column type=&#8221;1_2&#8243;][et_pb_image admin_label=&#8221;Image&#8221; src=&#8221;http:\/\/www.mmccarpets.com\/wp-content\/uploads\/2014\/12\/shag-2.jpg&#8221; show_in_lightbox=&#8221;off&#8221; url_new_window=&#8221;off&#8221; animation=&#8221;left&#8221; sticky=&#8221;off&#8221; \/][\/et_pb_column][et_pb_column type=&#8221;1_2&#8243;][et_pb_text admin_label=&#8221;Text&#8221; background_layout=&#8221;light&#8221; text_orientation=&#8221;left&#8221;]<\/p>\n<h2><span style=\"font-family: 'Georgia','serif'; color: #333333;\">SHAGS<\/span><\/h2>\n<p>Si \u00e8 fatto su un telaio in cui la pila ha meno densit\u00e0 di mano trapuntata o tappeti annodati a mano. E &#8216;meglio adatto per fare tappeto di sguardo tribale. Tuttavia recentemente shags realizzati in poliestere \u00e8 stato in forte della moda. \u00c8 molto economico e manutenzione \u00e8 molto inferiore tappeti fatti a mano.<\/p>\n<p>[\/et_pb_text][\/et_pb_column][\/et_pb_row][et_pb_row][et_pb_column type=&#8221;4_4&#8243;][et_pb_divider admin_label=&#8221;Divider&#8221; color=&#8221;#afafaf&#8221; show_divider=&#8221;on&#8221; height=&#8221;2.5&#8243; \/][\/et_pb_column][\/et_pb_row][et_pb_row][et_pb_column type=&#8221;1_2&#8243;][et_pb_image admin_label=&#8221;Image&#8221; src=&#8221;http:\/\/www.mmccarpets.com\/wp-content\/uploads\/2014\/12\/tufted1-2.jpg&#8221; show_in_lightbox=&#8221;off&#8221; url_new_window=&#8221;off&#8221; animation=&#8221;left&#8221; sticky=&#8221;off&#8221; \/][\/et_pb_column][et_pb_column type=&#8221;1_2&#8243;][et_pb_text admin_label=&#8221;Text&#8221; background_layout=&#8221;light&#8221; text_orientation=&#8221;left&#8221;]<\/p>\n<h2>HAND TUFTED<\/h2>\n<p style=\"text-align: justify;\">Per rendere meno costoso il tappeto annodato a mano, una nuova tecnica \u00e8 stata sviluppata in cui la pila viene iniettato in un materiale di supporto (cotone), a sua volta poi legato ad un supporto secondario (cotone pesante o di stoffa di iuta). Questi tipi di tappeti sono principalmente utilizzati negli alberghi e spazi commerciali oltre ad essere usato anche in residenze.<\/p>\n<p>[\/et_pb_text][\/et_pb_column][\/et_pb_row][et_pb_row][et_pb_column type=&#8221;4_4&#8243;][\/et_pb_column][\/et_pb_row][\/et_pb_section]<\/p>\n","protected":false},"excerpt":{"rendered":"<p><div class=\"et_pb_section et_pb_section_0 et_section_regular\" >\n\t\t\t\t\n\t\t\t\t\n\t\t\t\t\n\t\t\t\t\n\t\t\t\t\n\t\t\t\t\n\t\t\t\t\n\t\t\t\t\n\t\t\t\t\n\t\t\t<\/div><div class=\"et_pb_row et_pb_row_0 et_pb_row_empty\">\n\t\t\t\t\n\t\t\t\t\n\t\t\t\t\n\t\t\t\t\n\t\t\t\t\n\t\t\t<\/div> TIPI CARPET <div class=\"et_pb_row et_pb_row_1 et_pb_row_empty\">\n\t\t\t\t\n\t\t\t\t\n\t\t\t\t\n\t\t\t\t\n\t\t\t\t\n\t\t\t<\/div> KNOTTED Tra tutti i tappeti, i tappeti pi\u00f9 popolari sono annodati tappeti. I tappeti annodati vengono prodotte da diversi secoli e andr\u00e0 avanti. Per i tappeti annodati, prima una struttura ordito e trama \u00e8 invia quindi l&#8217;annodatura avviene uno per uno. Nei tappeti annodati, si vedono i nodi dal retro del [&hellip;]<\/p>\n","protected":false},"author":1,"featured_media":0,"parent":0,"menu_order":0,"comment_status":"open","ping_status":"open","template":"","meta":{"_et_pb_use_builder":"on","_et_pb_old_content":"","_et_gb_content_width":"","footnotes":""},"class_list":["post-1473","page","type-page","status-publish","hentry"],"yoast_head":"<!-- This site is optimized with the Yoast SEO plugin v26.6 - https:\/\/yoast.com\/wordpress\/plugins\/seo\/ -->\n<title>Tipi di tappeto - annodate, tessuto piano, fatte a macchina, Shags, Morette<\/title>\n<meta name=\"description\" content=\"Offriamo tappeti personalizzati in un&#039;ampia gamma di stili come annodato, tessitura piatta, fatta a macchina, cormorani, trapuntata etc.\" \/>\n<meta name=\"robots\" content=\"index, follow, max-snippet:-1, max-image-preview:large, max-video-preview:-1\" \/>\n<link rel=\"canonical\" href=\"https:\/\/www.mmccarpets.com\/it\/types-of-carpet\/\" \/>\n<meta property=\"og:locale\" content=\"en_US\" \/>\n<meta property=\"og:type\" content=\"article\" \/>\n<meta property=\"og:title\" content=\"Tipi di tappeto - annodate, tessuto piano, fatte a macchina, Shags, Morette\" \/>\n<meta property=\"og:description\" content=\"Offriamo tappeti personalizzati in un&#039;ampia gamma di stili come annodato, tessitura piatta, fatta a macchina, cormorani, trapuntata etc.\" \/>\n<meta property=\"og:url\" content=\"https:\/\/www.mmccarpets.com\/it\/types-of-carpet\/\" \/>\n<meta property=\"og:site_name\" content=\"MMC \/ IT\" \/>\n<meta property=\"article:modified_time\" content=\"2015-01-17T05:28:13+00:00\" \/>\n<meta name=\"twitter:label1\" content=\"Est. reading time\" \/>\n\t<meta name=\"twitter:data1\" content=\"4 minutes\" \/>\n<script type=\"application\/ld+json\" class=\"yoast-schema-graph\">{\"@context\":\"https:\/\/schema.org\",\"@graph\":[{\"@type\":\"WebPage\",\"@id\":\"https:\/\/www.mmccarpets.com\/it\/types-of-carpet\/\",\"url\":\"https:\/\/www.mmccarpets.com\/it\/types-of-carpet\/\",\"name\":\"Tipi di tappeto - annodate, tessuto piano, fatte a macchina, Shags, Morette\",\"isPartOf\":{\"@id\":\"http:\/\/www.mmccarpets.com\/it\/#website\"},\"datePublished\":\"2014-12-27T12:36:14+00:00\",\"dateModified\":\"2015-01-17T05:28:13+00:00\",\"description\":\"Offriamo tappeti personalizzati in un'ampia gamma di stili come annodato, tessitura piatta, fatta a macchina, cormorani, trapuntata etc.\",\"breadcrumb\":{\"@id\":\"https:\/\/www.mmccarpets.com\/it\/types-of-carpet\/#breadcrumb\"},\"inLanguage\":\"en-US\",\"potentialAction\":[{\"@type\":\"ReadAction\",\"target\":[\"https:\/\/www.mmccarpets.com\/it\/types-of-carpet\/\"]}]},{\"@type\":\"BreadcrumbList\",\"@id\":\"https:\/\/www.mmccarpets.com\/it\/types-of-carpet\/#breadcrumb\",\"itemListElement\":[{\"@type\":\"ListItem\",\"position\":1,\"name\":\"Home\",\"item\":\"http:\/\/www.mmccarpets.com\/it\/\"},{\"@type\":\"ListItem\",\"position\":2,\"name\":\"Tipi di tappeto\"}]},{\"@type\":\"WebSite\",\"@id\":\"http:\/\/www.mmccarpets.com\/it\/#website\",\"url\":\"http:\/\/www.mmccarpets.com\/it\/\",\"name\":\"MMC \/ IT\",\"description\":\"M.MANOJ KUMAR &amp; CO.\",\"potentialAction\":[{\"@type\":\"SearchAction\",\"target\":{\"@type\":\"EntryPoint\",\"urlTemplate\":\"http:\/\/www.mmccarpets.com\/it\/?s={search_term_string}\"},\"query-input\":{\"@type\":\"PropertyValueSpecification\",\"valueRequired\":true,\"valueName\":\"search_term_string\"}}],\"inLanguage\":\"en-US\"}]}<\/script>\n<!-- \/ Yoast SEO plugin. -->","yoast_head_json":{"title":"Tipi di tappeto - annodate, tessuto piano, fatte a macchina, Shags, Morette","description":"Offriamo tappeti personalizzati in un'ampia gamma di stili come annodato, tessitura piatta, fatta a macchina, cormorani, trapuntata etc.","robots":{"index":"index","follow":"follow","max-snippet":"max-snippet:-1","max-image-preview":"max-image-preview:large","max-video-preview":"max-video-preview:-1"},"canonical":"https:\/\/www.mmccarpets.com\/it\/types-of-carpet\/","og_locale":"en_US","og_type":"article","og_title":"Tipi di tappeto - annodate, tessuto piano, fatte a macchina, Shags, Morette","og_description":"Offriamo tappeti personalizzati in un'ampia gamma di stili come annodato, tessitura piatta, fatta a macchina, cormorani, trapuntata etc.","og_url":"https:\/\/www.mmccarpets.com\/it\/types-of-carpet\/","og_site_name":"MMC \/ IT","article_modified_time":"2015-01-17T05:28:13+00:00","twitter_misc":{"Est. reading time":"4 minutes"},"schema":{"@context":"https:\/\/schema.org","@graph":[{"@type":"WebPage","@id":"https:\/\/www.mmccarpets.com\/it\/types-of-carpet\/","url":"https:\/\/www.mmccarpets.com\/it\/types-of-carpet\/","name":"Tipi di tappeto - annodate, tessuto piano, fatte a macchina, Shags, Morette","isPartOf":{"@id":"http:\/\/www.mmccarpets.com\/it\/#website"},"datePublished":"2014-12-27T12:36:14+00:00","dateModified":"2015-01-17T05:28:13+00:00","description":"Offriamo tappeti personalizzati in un'ampia gamma di stili come annodato, tessitura piatta, fatta a macchina, cormorani, trapuntata etc.","breadcrumb":{"@id":"https:\/\/www.mmccarpets.com\/it\/types-of-carpet\/#breadcrumb"},"inLanguage":"en-US","potentialAction":[{"@type":"ReadAction","target":["https:\/\/www.mmccarpets.com\/it\/types-of-carpet\/"]}]},{"@type":"BreadcrumbList","@id":"https:\/\/www.mmccarpets.com\/it\/types-of-carpet\/#breadcrumb","itemListElement":[{"@type":"ListItem","position":1,"name":"Home","item":"http:\/\/www.mmccarpets.com\/it\/"},{"@type":"ListItem","position":2,"name":"Tipi di tappeto"}]},{"@type":"WebSite","@id":"http:\/\/www.mmccarpets.com\/it\/#website","url":"http:\/\/www.mmccarpets.com\/it\/","name":"MMC \/ IT","description":"M.MANOJ KUMAR &amp; CO.","potentialAction":[{"@type":"SearchAction","target":{"@type":"EntryPoint","urlTemplate":"http:\/\/www.mmccarpets.com\/it\/?s={search_term_string}"},"query-input":{"@type":"PropertyValueSpecification","valueRequired":true,"valueName":"search_term_string"}}],"inLanguage":"en-US"}]}},"post_mailing_queue_ids":[],"_links":{"self":[{"href":"https:\/\/www.mmccarpets.com\/it\/wp-json\/wp\/v2\/pages\/1473","targetHints":{"allow":["GET"]}}],"collection":[{"href":"https:\/\/www.mmccarpets.com\/it\/wp-json\/wp\/v2\/pages"}],"about":[{"href":"https:\/\/www.mmccarpets.com\/it\/wp-json\/wp\/v2\/types\/page"}],"author":[{"embeddable":true,"href":"https:\/\/www.mmccarpets.com\/it\/wp-json\/wp\/v2\/users\/1"}],"replies":[{"embeddable":true,"href":"https:\/\/www.mmccarpets.com\/it\/wp-json\/wp\/v2\/comments?post=1473"}],"version-history":[{"count":2,"href":"https:\/\/www.mmccarpets.com\/it\/wp-json\/wp\/v2\/pages\/1473\/revisions"}],"predecessor-version":[{"id":3087,"href":"https:\/\/www.mmccarpets.com\/it\/wp-json\/wp\/v2\/pages\/1473\/revisions\/3087"}],"wp:attachment":[{"href":"https:\/\/www.mmccarpets.com\/it\/wp-json\/wp\/v2\/media?parent=1473"}],"curies":[{"name":"wp","href":"https:\/\/api.w.org\/{rel}","templated":true}]}}