{"id":1483,"date":"2014-12-27T12:39:26","date_gmt":"2014-12-27T12:39:26","guid":{"rendered":"http:\/\/www.ezonkart.com\/mmccarpets1\/?page_id=1483"},"modified":"2017-04-03T05:18:46","modified_gmt":"2017-04-03T05:18:46","slug":"infrastructure","status":"publish","type":"page","link":"https:\/\/www.mmccarpets.com\/it\/infrastructure\/","title":{"rendered":"Infrastruttura"},"content":{"rendered":"<p>[et_pb_section fullwidth=&#8221;on&#8221; background_color=&#8221;#ffffff&#8221; inner_shadow=&#8221;on&#8221; parallax=&#8221;off&#8221; background_image=&#8221;http:\/\/www.mmccarpets.com\/wp-content\/uploads\/2015\/01\/STRIP-2.jpg&#8221; transparent_background=&#8221;off&#8221; parallax_method=&#8221;off&#8221;][et_pb_fullwidth_header admin_label=&#8221;Fullwidth Header&#8221; title=&#8221;Infrastruttura&#8221; background_layout=&#8221;dark&#8221; text_orientation=&#8221;left&#8221; \/][\/et_pb_section][et_pb_section][et_pb_row][et_pb_column type=&#8221;4_4&#8243;][et_pb_text admin_label=&#8221;Text&#8221; background_layout=&#8221;light&#8221; text_orientation=&#8221;left&#8221;]<\/p>\n<h2 style=\"text-align: center;\" align=\"center\">AZIENDA INFRASTRUTTURE<\/h2>\n<p>[\/et_pb_text][\/et_pb_column][\/et_pb_row][et_pb_row][et_pb_column type=&#8221;1_4&#8243;][et_pb_image admin_label=&#8221;Image&#8221; src=&#8221;http:\/\/www.mmccarpets.com\/wp-content\/uploads\/2015\/01\/room-seen.jpg&#8221; show_in_lightbox=&#8221;off&#8221; url_new_window=&#8221;off&#8221; animation=&#8221;left&#8221; sticky=&#8221;off&#8221; \/][\/et_pb_column][et_pb_column type=&#8221;1_4&#8243;][et_pb_image admin_label=&#8221;Image&#8221; src=&#8221;http:\/\/www.mmccarpets.com\/wp-content\/uploads\/2014\/12\/direct-from-factory-1.jpg&#8221; show_in_lightbox=&#8221;off&#8221; url_new_window=&#8221;off&#8221; animation=&#8221;left&#8221; sticky=&#8221;off&#8221; \/][\/et_pb_column][et_pb_column type=&#8221;1_4&#8243;][et_pb_image admin_label=&#8221;Image&#8221; show_in_lightbox=&#8221;off&#8221; url_new_window=&#8221;off&#8221; animation=&#8221;left&#8221; sticky=&#8221;off&#8221; src=&#8221;http:\/\/www.mmccarpets.com\/wp-content\/uploads\/2014\/12\/tufting-loom-11.jpg&#8221; \/][\/et_pb_column][et_pb_column type=&#8221;1_4&#8243;][et_pb_image admin_label=&#8221;Image&#8221; show_in_lightbox=&#8221;off&#8221; url_new_window=&#8221;off&#8221; animation=&#8221;left&#8221; sticky=&#8221;off&#8221; src=&#8221;http:\/\/www.mmccarpets.com\/wp-content\/uploads\/2014\/12\/tufting.jpg&#8221; \/][\/et_pb_column][\/et_pb_row][et_pb_row][et_pb_column type=&#8221;4_4&#8243;][et_pb_text admin_label=&#8221;Text&#8221; background_layout=&#8221;light&#8221; text_orientation=&#8221;left&#8221;]<\/p>\n<h3 style=\"text-align: justify;\">DIRETTA DALLA FABBRICA<\/h3>\n<p style=\"text-align: justify;\">Tutti i nostri prodotti sono fabbricati in casa sui nostri telai dalla mappatura di lavaggio finale e vengono esportati in tutto il mondo. Ecco perch\u00e9 siamo in grado di consegnare i nostri tappeti di qualit\u00e0 molto fini ai prezzi imbattibili, senza compromettere la qualit\u00e0.<\/p>\n<h3 style=\"text-align: justify;\">30 ANNI AL SERVIZIO<\/h3>\n<p>&nbsp;<\/p>\n<p style=\"text-align: justify;\">Sono passati 30\u00a0anni, siamo stati consegnando con successo i nostri prodotti nel mercato internazionale (esportazioni) e siamo stati in grado di tenere il passo con le ultime tendenze del mercato.<\/p>\n<p style=\"text-align: justify;\">Siamo un team di oltre 200 persone che lavorano sulle ultime tendenze dei mercati, supervisione alla produzione, manipolazione manufacturing, smoothing il processo di prendere ogni modo efficace ed efficiente. Il nostro team di progettisti controlla tendenze quotidiane frequentando mostre in tutto il mondo e prodotti di design di conseguenza a prezzi molto bassi (nel settore manifatturiero casa).<\/p>\n<p style=\"text-align: justify;\">90% dei nostri clienti sono molto soddisfatti della qualit\u00e0 dei prodotti forniti, con il tipo di servizi che offriamo, e con le politiche amichevoli clienti abbiamo. E il 60% di questi clienti hanno ritornato di nuovo a comprare di pi\u00f9. E &#8216;sulla forza della nostra attenzione al cliente che siamo cresciuti da una piccola casa di produzione ed esportazione di produzione leader e societ\u00e0 di esportazione nel mondo dei tappeti.<\/p>\n<p style=\"text-align: justify;\">La squadra che porta MMC ha un&#8217;esperienza combinata di oltre 30 anni, di cui un insieme compiuto di professionisti provenienti da diversi campi, come la finanza, la tecnologia, e-commerce, vendita al dettaglio e della logistica. Questo gruppo distinto ha guidato l&#8217;azienda pi\u00f9 forte, script sua storia di successo.<\/p>\n<p style=\"text-align: justify;\">TAPPETI MMC \u00e8 tra la mano che porta annodato e produttori di tappeti tufted, nonch\u00e9 esportatori di India. Sono passati 30 anni da quando TAPPETI MMC \u00e8 stata con successo fabbricanti tappeti ed esportarlo in pi\u00f9 di 20 paesi a livello mondiale. TAPPETI MMC ha fatto sentire la sua presenza in tutto il mondo relativi a tappeti, fornendo a mano di qualit\u00e0 molto fine annodate e tappeti tufted in tutto il mondo.<\/p>\n<p>[\/et_pb_text][et_pb_text admin_label=&#8221;Text&#8221; background_layout=&#8221;light&#8221; text_orientation=&#8221;right&#8221; \/][\/et_pb_column][\/et_pb_row][\/et_pb_section]<\/p>\n","protected":false},"excerpt":{"rendered":"<p><div class=\"et_pb_section et_pb_section_0 et_section_regular\" >\n\t\t\t\t\n\t\t\t\t\n\t\t\t\t\n\t\t\t\t\n\t\t\t\t\n\t\t\t\t\n\t\t\t\t\n\t\t\t\t\n\t\t\t\t\n\t\t\t<\/div><div class=\"et_pb_row et_pb_row_0 et_pb_row_empty\">\n\t\t\t\t\n\t\t\t\t\n\t\t\t\t\n\t\t\t\t\n\t\t\t\t\n\t\t\t<\/div> AZIENDA INFRASTRUTTURE <div class=\"et_pb_row et_pb_row_1 et_pb_row_empty\">\n\t\t\t\t\n\t\t\t\t\n\t\t\t\t\n\t\t\t\t\n\t\t\t\t\n\t\t\t<\/div><div class=\"et_pb_row et_pb_row_2 et_pb_row_empty\">\n\t\t\t\t\n\t\t\t\t\n\t\t\t\t\n\t\t\t\t\n\t\t\t\t\n\t\t\t<\/div> DIRETTA DALLA FABBRICA Tutti i nostri prodotti sono fabbricati in casa sui nostri telai dalla mappatura di lavaggio finale e vengono esportati in tutto il mondo. Ecco perch\u00e9 siamo in grado di consegnare i nostri tappeti di qualit\u00e0 molto fini ai prezzi imbattibili, senza compromettere la qualit\u00e0. 30 ANNI AL SERVIZIO [&hellip;]<\/p>\n","protected":false},"author":1,"featured_media":0,"parent":0,"menu_order":0,"comment_status":"open","ping_status":"open","template":"","meta":{"_et_pb_use_builder":"on","_et_pb_old_content":"","_et_gb_content_width":"","footnotes":""},"class_list":["post-1483","page","type-page","status-publish","hentry"],"yoast_head":"<!-- This site is optimized with the Yoast SEO plugin v26.6 - https:\/\/yoast.com\/wordpress\/plugins\/seo\/ -->\n<title>Infrastruttura - MMC \/ IT<\/title>\n<meta name=\"robots\" content=\"index, follow, max-snippet:-1, max-image-preview:large, max-video-preview:-1\" \/>\n<link rel=\"canonical\" href=\"https:\/\/www.mmccarpets.com\/it\/infrastructure\/\" \/>\n<meta property=\"og:locale\" content=\"en_US\" \/>\n<meta property=\"og:type\" content=\"article\" \/>\n<meta property=\"og:title\" content=\"Infrastruttura - MMC \/ IT\" \/>\n<meta property=\"og:description\" content=\"AZIENDA INFRASTRUTTURE DIRETTA DALLA FABBRICA Tutti i nostri prodotti sono fabbricati in casa sui nostri telai dalla mappatura di lavaggio finale e vengono esportati in tutto il mondo. Ecco perch\u00e9 siamo in grado di consegnare i nostri tappeti di qualit\u00e0 molto fini ai prezzi imbattibili, senza compromettere la qualit\u00e0. 30 ANNI AL SERVIZIO [&hellip;]\" \/>\n<meta property=\"og:url\" content=\"https:\/\/www.mmccarpets.com\/it\/infrastructure\/\" \/>\n<meta property=\"og:site_name\" content=\"MMC \/ IT\" \/>\n<meta property=\"article:modified_time\" content=\"2017-04-03T05:18:46+00:00\" \/>\n<meta name=\"twitter:label1\" content=\"Est. reading time\" \/>\n\t<meta name=\"twitter:data1\" content=\"3 minutes\" \/>\n<script type=\"application\/ld+json\" class=\"yoast-schema-graph\">{\"@context\":\"https:\/\/schema.org\",\"@graph\":[{\"@type\":\"WebPage\",\"@id\":\"https:\/\/www.mmccarpets.com\/it\/infrastructure\/\",\"url\":\"https:\/\/www.mmccarpets.com\/it\/infrastructure\/\",\"name\":\"Infrastruttura - MMC \/ IT\",\"isPartOf\":{\"@id\":\"http:\/\/www.mmccarpets.com\/it\/#website\"},\"datePublished\":\"2014-12-27T12:39:26+00:00\",\"dateModified\":\"2017-04-03T05:18:46+00:00\",\"breadcrumb\":{\"@id\":\"https:\/\/www.mmccarpets.com\/it\/infrastructure\/#breadcrumb\"},\"inLanguage\":\"en-US\",\"potentialAction\":[{\"@type\":\"ReadAction\",\"target\":[\"https:\/\/www.mmccarpets.com\/it\/infrastructure\/\"]}]},{\"@type\":\"BreadcrumbList\",\"@id\":\"https:\/\/www.mmccarpets.com\/it\/infrastructure\/#breadcrumb\",\"itemListElement\":[{\"@type\":\"ListItem\",\"position\":1,\"name\":\"Home\",\"item\":\"http:\/\/www.mmccarpets.com\/it\/\"},{\"@type\":\"ListItem\",\"position\":2,\"name\":\"Infrastruttura\"}]},{\"@type\":\"WebSite\",\"@id\":\"http:\/\/www.mmccarpets.com\/it\/#website\",\"url\":\"http:\/\/www.mmccarpets.com\/it\/\",\"name\":\"MMC \/ IT\",\"description\":\"M.MANOJ KUMAR &amp; CO.\",\"potentialAction\":[{\"@type\":\"SearchAction\",\"target\":{\"@type\":\"EntryPoint\",\"urlTemplate\":\"http:\/\/www.mmccarpets.com\/it\/?s={search_term_string}\"},\"query-input\":{\"@type\":\"PropertyValueSpecification\",\"valueRequired\":true,\"valueName\":\"search_term_string\"}}],\"inLanguage\":\"en-US\"}]}<\/script>\n<!-- \/ Yoast SEO plugin. -->","yoast_head_json":{"title":"Infrastruttura - MMC \/ IT","robots":{"index":"index","follow":"follow","max-snippet":"max-snippet:-1","max-image-preview":"max-image-preview:large","max-video-preview":"max-video-preview:-1"},"canonical":"https:\/\/www.mmccarpets.com\/it\/infrastructure\/","og_locale":"en_US","og_type":"article","og_title":"Infrastruttura - MMC \/ IT","og_description":"AZIENDA INFRASTRUTTURE DIRETTA DALLA FABBRICA Tutti i nostri prodotti sono fabbricati in casa sui nostri telai dalla mappatura di lavaggio finale e vengono esportati in tutto il mondo. Ecco perch\u00e9 siamo in grado di consegnare i nostri tappeti di qualit\u00e0 molto fini ai prezzi imbattibili, senza compromettere la qualit\u00e0. 30 ANNI AL SERVIZIO [&hellip;]","og_url":"https:\/\/www.mmccarpets.com\/it\/infrastructure\/","og_site_name":"MMC \/ IT","article_modified_time":"2017-04-03T05:18:46+00:00","twitter_misc":{"Est. reading time":"3 minutes"},"schema":{"@context":"https:\/\/schema.org","@graph":[{"@type":"WebPage","@id":"https:\/\/www.mmccarpets.com\/it\/infrastructure\/","url":"https:\/\/www.mmccarpets.com\/it\/infrastructure\/","name":"Infrastruttura - MMC \/ IT","isPartOf":{"@id":"http:\/\/www.mmccarpets.com\/it\/#website"},"datePublished":"2014-12-27T12:39:26+00:00","dateModified":"2017-04-03T05:18:46+00:00","breadcrumb":{"@id":"https:\/\/www.mmccarpets.com\/it\/infrastructure\/#breadcrumb"},"inLanguage":"en-US","potentialAction":[{"@type":"ReadAction","target":["https:\/\/www.mmccarpets.com\/it\/infrastructure\/"]}]},{"@type":"BreadcrumbList","@id":"https:\/\/www.mmccarpets.com\/it\/infrastructure\/#breadcrumb","itemListElement":[{"@type":"ListItem","position":1,"name":"Home","item":"http:\/\/www.mmccarpets.com\/it\/"},{"@type":"ListItem","position":2,"name":"Infrastruttura"}]},{"@type":"WebSite","@id":"http:\/\/www.mmccarpets.com\/it\/#website","url":"http:\/\/www.mmccarpets.com\/it\/","name":"MMC \/ IT","description":"M.MANOJ KUMAR &amp; CO.","potentialAction":[{"@type":"SearchAction","target":{"@type":"EntryPoint","urlTemplate":"http:\/\/www.mmccarpets.com\/it\/?s={search_term_string}"},"query-input":{"@type":"PropertyValueSpecification","valueRequired":true,"valueName":"search_term_string"}}],"inLanguage":"en-US"}]}},"post_mailing_queue_ids":[],"_links":{"self":[{"href":"https:\/\/www.mmccarpets.com\/it\/wp-json\/wp\/v2\/pages\/1483","targetHints":{"allow":["GET"]}}],"collection":[{"href":"https:\/\/www.mmccarpets.com\/it\/wp-json\/wp\/v2\/pages"}],"about":[{"href":"https:\/\/www.mmccarpets.com\/it\/wp-json\/wp\/v2\/types\/page"}],"author":[{"embeddable":true,"href":"https:\/\/www.mmccarpets.com\/it\/wp-json\/wp\/v2\/users\/1"}],"replies":[{"embeddable":true,"href":"https:\/\/www.mmccarpets.com\/it\/wp-json\/wp\/v2\/comments?post=1483"}],"version-history":[{"count":4,"href":"https:\/\/www.mmccarpets.com\/it\/wp-json\/wp\/v2\/pages\/1483\/revisions"}],"predecessor-version":[{"id":3109,"href":"https:\/\/www.mmccarpets.com\/it\/wp-json\/wp\/v2\/pages\/1483\/revisions\/3109"}],"wp:attachment":[{"href":"https:\/\/www.mmccarpets.com\/it\/wp-json\/wp\/v2\/media?parent=1483"}],"curies":[{"name":"wp","href":"https:\/\/api.w.org\/{rel}","templated":true}]}}